{"id":16,"date":"2020-01-15T21:16:19","date_gmt":"2020-01-15T20:16:19","guid":{"rendered":"https:\/\/zielmar.pl\/?page_id=16"},"modified":"2020-01-15T21:16:19","modified_gmt":"2020-01-15T20:16:19","slug":"kontakt","status":"publish","type":"page","link":"https:\/\/zielmar.pl\/","title":{"rendered":"Kontakt"},"content":{"rendered":"\n<p>ZIELMAR Administracja i Zarz\u0105dzanie Nieruchomo\u015bci<\/p>\n\n\n\n<p><i class=\"fa fa-phone-square-alt\"><\/i> <a href=\"tel:502312450\">+48 502 312 450<\/a><\/p>\n\n\n\n<p><i class=\"fas fa-envelope\"><\/i> <a href=\"mailto:biuro@zielmar.pl?subject=Nawi\u0105zanie_wsp\u00f3\u0142pracy\">biuro@zielmar.pl<\/a><\/p>\n\n\n\n<p><\/p>\n","protected":false},"excerpt":{"rendered":"<p>ZIELMAR Administracja i Zarz\u0105dzanie Nieruchomo\u015bci +48 502 312 450 biuro@zielmar.pl<\/p>\n","protected":false},"author":1,"featured_media":0,"parent":0,"menu_order":0,"comment_status":"closed","ping_status":"closed","template":"","meta":{"_monsterinsights_skip_tracking":false,"_monsterinsights_sitenote_active":false,"_monsterinsights_sitenote_note":"","_monsterinsights_sitenote_category":0},"_links":{"self":[{"href":"https:\/\/zielmar.pl\/index.php\/wp-json\/wp\/v2\/pages\/16"}],"collection":[{"href":"https:\/\/zielmar.pl\/index.php\/wp-json\/wp\/v2\/pages"}],"about":[{"href":"https:\/\/zielmar.pl\/index.php\/wp-json\/wp\/v2\/types\/page"}],"author":[{"embeddable":true,"href":"https:\/\/zielmar.pl\/index.php\/wp-json\/wp\/v2\/users\/1"}],"replies":[{"embeddable":true,"href":"https:\/\/zielmar.pl\/index.php\/wp-json\/wp\/v2\/comments?post=16"}],"version-history":[{"count":2,"href":"https:\/\/zielmar.pl\/index.php\/wp-json\/wp\/v2\/pages\/16\/revisions"}],"predecessor-version":[{"id":19,"href":"https:\/\/zielmar.pl\/index.php\/wp-json\/wp\/v2\/pages\/16\/revisions\/19"}],"wp:attachment":[{"href":"https:\/\/zielmar.pl\/index.php\/wp-json\/wp\/v2\/media?parent=16"}],"curies":[{"name":"wp","href":"https:\/\/api.w.org\/{rel}","templated":true}]}}